{"id":41,"date":"2016-09-26T18:11:48","date_gmt":"2016-09-26T16:11:48","guid":{"rendered":"http:\/\/literackieprzeszpiegi.pl\/?page_id=41"},"modified":"2018-06-21T20:58:37","modified_gmt":"2018-06-21T18:58:37","slug":"kontakt","status":"publish","type":"page","link":"https:\/\/literackieprzeszpiegi.pl\/index.php\/kontakt\/","title":{"rendered":"Kontakt"},"content":{"rendered":"<p>Je\u015bli chcesz&#8230;<\/p>\n<ul>\n<li>podyskutowa\u0107 o ciekawej ksi\u0105\u017cce<\/li>\n<li>ponarzeka\u0107 na literackie buble<\/li>\n<li>przekona\u0107 mnie, \u017ce koniecznie powinnam przeczyta\u0107 dan\u0105 ksi\u0105\u017ck\u0119<\/li>\n<\/ul>\n<p>a wizja blogowej publiczno\u015bci Ci\u0119 przera\u017ca, to zapraszam do kontaktu:\u00a0kontakt@literackieprzeszpiegi.pl<\/p>\n<p>Uwaga!<br \/>\nKsi\u0105\u017cek, kt\u00f3rych nie zamawiam do recenzji, nie recenzuj\u0119!<\/p>\n","protected":false},"excerpt":{"rendered":"<p>Je\u015bli chcesz&#8230; podyskutowa\u0107 o ciekawej ksi\u0105\u017cce ponarzeka\u0107 na literackie buble przekona\u0107 mnie, \u017ce koniecznie powinnam przeczyta\u0107 dan\u0105 ksi\u0105\u017ck\u0119 a wizja blogowej publiczno\u015bci Ci\u0119 przera\u017ca, to zapraszam do kontaktu:\u00a0kontakt@literackieprzeszpiegi.pl Uwaga! Ksi\u0105\u017cek,&hellip;<\/p>\n","protected":false},"author":1,"featured_media":0,"parent":0,"menu_order":7,"comment_status":"closed","ping_status":"closed","template":"","meta":{"om_disable_all_campaigns":false,"_exactmetrics_skip_tracking":false,"_exactmetrics_sitenote_active":false,"_exactmetrics_sitenote_note":"","_exactmetrics_sitenote_category":0,"_monsterinsights_skip_tracking":false,"_monsterinsights_sitenote_active":false,"_monsterinsights_sitenote_note":"","_monsterinsights_sitenote_category":0,"_uf_show_specific_survey":0,"_uf_disable_surveys":false,"footnotes":""},"yoast_head":"<!-- This site is optimized with the Yoast SEO plugin v22.9 - https:\/\/yoast.com\/wordpress\/plugins\/seo\/ -->\n<title>Kontakt - Literackie przeszpiegi<\/title>\n<meta name=\"robots\" content=\"index, follow, max-snippet:-1, max-image-preview:large, max-video-preview:-1\" \/>\n<link rel=\"canonical\" href=\"https:\/\/literackieprzeszpiegi.pl\/index.php\/kontakt\/\" \/>\n<meta property=\"og:locale\" content=\"pl_PL\" \/>\n<meta property=\"og:type\" content=\"article\" \/>\n<meta property=\"og:title\" content=\"Kontakt - Literackie przeszpiegi\" \/>\n<meta property=\"og:description\" content=\"Je\u015bli chcesz&#8230; podyskutowa\u0107 o ciekawej ksi\u0105\u017cce ponarzeka\u0107 na literackie buble przekona\u0107 mnie, \u017ce koniecznie powinnam przeczyta\u0107 dan\u0105 ksi\u0105\u017ck\u0119 a wizja blogowej publiczno\u015bci Ci\u0119 przera\u017ca, to zapraszam do kontaktu:\u00a0kontakt@literackieprzeszpiegi.pl Uwaga! Ksi\u0105\u017cek,&hellip;\" \/>\n<meta property=\"og:url\" content=\"https:\/\/literackieprzeszpiegi.pl\/index.php\/kontakt\/\" \/>\n<meta property=\"og:site_name\" content=\"Literackie przeszpiegi\" \/>\n<meta property=\"article:modified_time\" content=\"2018-06-21T18:58:37+00:00\" \/>\n<meta name=\"twitter:card\" content=\"summary_large_image\" \/>\n<script type=\"application\/ld+json\" class=\"yoast-schema-graph\">{\"@context\":\"https:\/\/schema.org\",\"@graph\":[{\"@type\":\"WebPage\",\"@id\":\"https:\/\/literackieprzeszpiegi.pl\/index.php\/kontakt\/\",\"url\":\"https:\/\/literackieprzeszpiegi.pl\/index.php\/kontakt\/\",\"name\":\"Kontakt - Literackie przeszpiegi\",\"isPartOf\":{\"@id\":\"https:\/\/literackieprzeszpiegi.pl\/#website\"},\"datePublished\":\"2016-09-26T16:11:48+00:00\",\"dateModified\":\"2018-06-21T18:58:37+00:00\",\"breadcrumb\":{\"@id\":\"https:\/\/literackieprzeszpiegi.pl\/index.php\/kontakt\/#breadcrumb\"},\"inLanguage\":\"pl-PL\",\"potentialAction\":[{\"@type\":\"ReadAction\",\"target\":[\"https:\/\/literackieprzeszpiegi.pl\/index.php\/kontakt\/\"]}]},{\"@type\":\"BreadcrumbList\",\"@id\":\"https:\/\/literackieprzeszpiegi.pl\/index.php\/kontakt\/#breadcrumb\",\"itemListElement\":[{\"@type\":\"ListItem\",\"position\":1,\"name\":\"Home\",\"item\":\"https:\/\/literackieprzeszpiegi.pl\/\"},{\"@type\":\"ListItem\",\"position\":2,\"name\":\"Kontakt\"}]},{\"@type\":\"WebSite\",\"@id\":\"https:\/\/literackieprzeszpiegi.pl\/#website\",\"url\":\"https:\/\/literackieprzeszpiegi.pl\/\",\"name\":\"Literackie przeszpiegi\",\"description\":\"blog o ksi\u0105\u017ckach\",\"publisher\":{\"@id\":\"https:\/\/literackieprzeszpiegi.pl\/#organization\"},\"potentialAction\":[{\"@type\":\"SearchAction\",\"target\":{\"@type\":\"EntryPoint\",\"urlTemplate\":\"https:\/\/literackieprzeszpiegi.pl\/?s={search_term_string}\"},\"query-input\":\"required name=search_term_string\"}],\"inLanguage\":\"pl-PL\"},{\"@type\":\"Organization\",\"@id\":\"https:\/\/literackieprzeszpiegi.pl\/#organization\",\"name\":\"Literackie przeszpiegi\",\"url\":\"https:\/\/literackieprzeszpiegi.pl\/\",\"logo\":{\"@type\":\"ImageObject\",\"inLanguage\":\"pl-PL\",\"@id\":\"https:\/\/literackieprzeszpiegi.pl\/#\/schema\/logo\/image\/\",\"url\":\"https:\/\/literackieprzeszpiegi.pl\/wp-content\/uploads\/2021\/01\/cropped-cropped-Literackie-przeszpiegi-1.png\",\"contentUrl\":\"https:\/\/literackieprzeszpiegi.pl\/wp-content\/uploads\/2021\/01\/cropped-cropped-Literackie-przeszpiegi-1.png\",\"width\":499,\"height\":142,\"caption\":\"Literackie przeszpiegi\"},\"image\":{\"@id\":\"https:\/\/literackieprzeszpiegi.pl\/#\/schema\/logo\/image\/\"}}]}<\/script>\n<!-- \/ Yoast SEO plugin. -->","yoast_head_json":{"title":"Kontakt - Literackie przeszpiegi","robots":{"index":"index","follow":"follow","max-snippet":"max-snippet:-1","max-image-preview":"max-image-preview:large","max-video-preview":"max-video-preview:-1"},"canonical":"https:\/\/literackieprzeszpiegi.pl\/index.php\/kontakt\/","og_locale":"pl_PL","og_type":"article","og_title":"Kontakt - Literackie przeszpiegi","og_description":"Je\u015bli chcesz&#8230; podyskutowa\u0107 o ciekawej ksi\u0105\u017cce ponarzeka\u0107 na literackie buble przekona\u0107 mnie, \u017ce koniecznie powinnam przeczyta\u0107 dan\u0105 ksi\u0105\u017ck\u0119 a wizja blogowej publiczno\u015bci Ci\u0119 przera\u017ca, to zapraszam do kontaktu:\u00a0kontakt@literackieprzeszpiegi.pl Uwaga! Ksi\u0105\u017cek,&hellip;","og_url":"https:\/\/literackieprzeszpiegi.pl\/index.php\/kontakt\/","og_site_name":"Literackie przeszpiegi","article_modified_time":"2018-06-21T18:58:37+00:00","twitter_card":"summary_large_image","schema":{"@context":"https:\/\/schema.org","@graph":[{"@type":"WebPage","@id":"https:\/\/literackieprzeszpiegi.pl\/index.php\/kontakt\/","url":"https:\/\/literackieprzeszpiegi.pl\/index.php\/kontakt\/","name":"Kontakt - Literackie przeszpiegi","isPartOf":{"@id":"https:\/\/literackieprzeszpiegi.pl\/#website"},"datePublished":"2016-09-26T16:11:48+00:00","dateModified":"2018-06-21T18:58:37+00:00","breadcrumb":{"@id":"https:\/\/literackieprzeszpiegi.pl\/index.php\/kontakt\/#breadcrumb"},"inLanguage":"pl-PL","potentialAction":[{"@type":"ReadAction","target":["https:\/\/literackieprzeszpiegi.pl\/index.php\/kontakt\/"]}]},{"@type":"BreadcrumbList","@id":"https:\/\/literackieprzeszpiegi.pl\/index.php\/kontakt\/#breadcrumb","itemListElement":[{"@type":"ListItem","position":1,"name":"Home","item":"https:\/\/literackieprzeszpiegi.pl\/"},{"@type":"ListItem","position":2,"name":"Kontakt"}]},{"@type":"WebSite","@id":"https:\/\/literackieprzeszpiegi.pl\/#website","url":"https:\/\/literackieprzeszpiegi.pl\/","name":"Literackie przeszpiegi","description":"blog o ksi\u0105\u017ckach","publisher":{"@id":"https:\/\/literackieprzeszpiegi.pl\/#organization"},"potentialAction":[{"@type":"SearchAction","target":{"@type":"EntryPoint","urlTemplate":"https:\/\/literackieprzeszpiegi.pl\/?s={search_term_string}"},"query-input":"required name=search_term_string"}],"inLanguage":"pl-PL"},{"@type":"Organization","@id":"https:\/\/literackieprzeszpiegi.pl\/#organization","name":"Literackie przeszpiegi","url":"https:\/\/literackieprzeszpiegi.pl\/","logo":{"@type":"ImageObject","inLanguage":"pl-PL","@id":"https:\/\/literackieprzeszpiegi.pl\/#\/schema\/logo\/image\/","url":"https:\/\/literackieprzeszpiegi.pl\/wp-content\/uploads\/2021\/01\/cropped-cropped-Literackie-przeszpiegi-1.png","contentUrl":"https:\/\/literackieprzeszpiegi.pl\/wp-content\/uploads\/2021\/01\/cropped-cropped-Literackie-przeszpiegi-1.png","width":499,"height":142,"caption":"Literackie przeszpiegi"},"image":{"@id":"https:\/\/literackieprzeszpiegi.pl\/#\/schema\/logo\/image\/"}}]}},"_links":{"self":[{"href":"https:\/\/literackieprzeszpiegi.pl\/index.php\/wp-json\/wp\/v2\/pages\/41"}],"collection":[{"href":"https:\/\/literackieprzeszpiegi.pl\/index.php\/wp-json\/wp\/v2\/pages"}],"about":[{"href":"https:\/\/literackieprzeszpiegi.pl\/index.php\/wp-json\/wp\/v2\/types\/page"}],"author":[{"embeddable":true,"href":"https:\/\/literackieprzeszpiegi.pl\/index.php\/wp-json\/wp\/v2\/users\/1"}],"replies":[{"embeddable":true,"href":"https:\/\/literackieprzeszpiegi.pl\/index.php\/wp-json\/wp\/v2\/comments?post=41"}],"version-history":[{"count":4,"href":"https:\/\/literackieprzeszpiegi.pl\/index.php\/wp-json\/wp\/v2\/pages\/41\/revisions"}],"predecessor-version":[{"id":1381,"href":"https:\/\/literackieprzeszpiegi.pl\/index.php\/wp-json\/wp\/v2\/pages\/41\/revisions\/1381"}],"wp:attachment":[{"href":"https:\/\/literackieprzeszpiegi.pl\/index.php\/wp-json\/wp\/v2\/media?parent=41"}],"curies":[{"name":"wp","href":"https:\/\/api.w.org\/{rel}","templated":true}]}}